{"id":307,"date":"2023-08-21T13:32:21","date_gmt":"2023-08-21T16:32:21","guid":{"rendered":"https:\/\/mcs.frcdev.com.br\/?page_id=307"},"modified":"2024-07-03T10:33:58","modified_gmt":"2024-07-03T13:33:58","slug":"lista-de-expositores","status":"publish","type":"page","link":"https:\/\/webcadaris.com.br\/modern2024\/lista-de-expositores\/","title":{"rendered":"Lista de Expositores"},"content":{"rendered":"\t\t<div data-elementor-type=\"wp-page\" data-elementor-id=\"307\" class=\"elementor elementor-307\" data-elementor-post-type=\"page\">\n\t\t\t\t\t\t<section class=\"elementor-section elementor-top-section elementor-element elementor-element-eb355b0 elementor-section-full_width elementor-hidden-mobile elementor-section-height-default elementor-section-height-default\" data-id=\"eb355b0\" data-element_type=\"section\" data-settings=\"{&quot;jet_parallax_layout_list&quot;:[],&quot;background_background&quot;:&quot;classic&quot;}\">\n\t\t\t\t\t\t<div class=\"elementor-container elementor-column-gap-default\">\n\t\t\t\t\t<div class=\"elementor-column elementor-col-50 elementor-top-column elementor-element elementor-element-1e25f06\" data-id=\"1e25f06\" data-element_type=\"column\" data-settings=\"{&quot;background_background&quot;:&quot;classic&quot;}\">\n\t\t\t<div class=\"elementor-widget-wrap elementor-element-populated\">\n\t\t\t\t\t\t<div class=\"elementor-element elementor-element-02d22e1 elementor-widget-divider--view-line_text elementor-widget-divider--element-align-center elementor-widget elementor-widget-divider\" data-id=\"02d22e1\" data-element_type=\"widget\" data-widget_type=\"divider.default\">\n\t\t\t\t<div class=\"elementor-widget-container\">\n\t\t\t\t\t<div class=\"elementor-divider\">\n\t\t\t<span class=\"elementor-divider-separator\">\n\t\t\t\t\t\t\t<span class=\"elementor-divider__text elementor-divider__element\">\n\t\t\t\tLISTA DE EXPOSITORES\t\t\t\t<\/span>\n\t\t\t\t\t\t<\/span>\n\t\t<\/div>\n\t\t\t\t<\/div>\n\t\t\t\t<\/div>\n\t\t\t\t\t<\/div>\n\t\t<\/div>\n\t\t\t\t<div class=\"elementor-column elementor-col-50 elementor-top-column elementor-element elementor-element-9da079d\" data-id=\"9da079d\" data-element_type=\"column\" data-settings=\"{&quot;background_background&quot;:&quot;classic&quot;}\">\n\t\t\t<div class=\"elementor-widget-wrap elementor-element-populated\">\n\t\t\t\t\t\t<div class=\"elementor-element elementor-element-41135d1 elementor-widget__width-initial elementor-invisible elementor-widget elementor-widget-spacer\" data-id=\"41135d1\" data-element_type=\"widget\" data-settings=\"{&quot;_animation&quot;:&quot;fadeInRight&quot;,&quot;_animation_delay&quot;:450}\" data-widget_type=\"spacer.default\">\n\t\t\t\t<div class=\"elementor-widget-container\">\n\t\t\t\t\t<div class=\"elementor-spacer\">\n\t\t\t<div class=\"elementor-spacer-inner\"><\/div>\n\t\t<\/div>\n\t\t\t\t<\/div>\n\t\t\t\t<\/div>\n\t\t\t\t\t<\/div>\n\t\t<\/div>\n\t\t\t\t\t<\/div>\n\t\t<\/section>\n\t\t\t\t<section class=\"elementor-section elementor-top-section elementor-element elementor-element-3d39847 elementor-section-full_width elementor-hidden-desktop elementor-hidden-tablet elementor-section-height-default elementor-section-height-default\" data-id=\"3d39847\" data-element_type=\"section\" data-settings=\"{&quot;jet_parallax_layout_list&quot;:[],&quot;background_background&quot;:&quot;classic&quot;}\">\n\t\t\t\t\t\t<div class=\"elementor-container elementor-column-gap-default\">\n\t\t\t\t\t<div class=\"elementor-column elementor-col-100 elementor-top-column elementor-element elementor-element-7b1c832\" data-id=\"7b1c832\" data-element_type=\"column\" data-settings=\"{&quot;background_background&quot;:&quot;gradient&quot;}\">\n\t\t\t<div class=\"elementor-widget-wrap elementor-element-populated\">\n\t\t\t\t\t\t<div class=\"elementor-element elementor-element-578dac2 elementor-widget-divider--view-line_text elementor-widget-divider--element-align-left elementor-widget-mobile__width-auto elementor-widget elementor-widget-divider\" data-id=\"578dac2\" data-element_type=\"widget\" data-widget_type=\"divider.default\">\n\t\t\t\t<div class=\"elementor-widget-container\">\n\t\t\t\t\t<div class=\"elementor-divider\">\n\t\t\t<span class=\"elementor-divider-separator\">\n\t\t\t\t\t\t\t<span class=\"elementor-divider__text elementor-divider__element\">\n\t\t\t\tLISTA DE EXPOSITORES\t\t\t\t<\/span>\n\t\t\t\t\t\t<\/span>\n\t\t<\/div>\n\t\t\t\t<\/div>\n\t\t\t\t<\/div>\n\t\t\t\t\t<\/div>\n\t\t<\/div>\n\t\t\t\t\t<\/div>\n\t\t<\/section>\n\t\t\t\t<section class=\"elementor-section elementor-top-section elementor-element elementor-element-e035d4e elementor-section-boxed elementor-section-height-default elementor-section-height-default elementor-invisible\" data-id=\"e035d4e\" data-element_type=\"section\" data-settings=\"{&quot;jet_parallax_layout_list&quot;:[],&quot;animation&quot;:&quot;fadeInLeft&quot;}\">\n\t\t\t\t\t\t<div class=\"elementor-container elementor-column-gap-default\">\n\t\t\t\t\t<div class=\"elementor-column elementor-col-100 elementor-top-column elementor-element elementor-element-d6282b0\" data-id=\"d6282b0\" data-element_type=\"column\">\n\t\t\t<div class=\"elementor-widget-wrap elementor-element-populated\">\n\t\t\t\t\t\t<div class=\"elementor-element elementor-element-fe8ffd6 elementor-widget elementor-widget-html\" data-id=\"fe8ffd6\" data-element_type=\"widget\" data-widget_type=\"html.default\">\n\t\t\t\t<div class=\"elementor-widget-container\">\n\t\t\t<style>\n    *{\n        font-family: 'Montserrat'; \n    }\n    \n    .tabela{\n        background-color: #00164A;\n    }\n    \n    table tbody >td, table tbody >th {\n    background-color: #004CFC;\n    }\n    \n    .tabelaCabeca > * {\n        border-radius: 5px;\n        border: 2px solid #4ECE30;\n    }\n    \n    .tabelaCabeca > * > *{\n        border: 1px solid transparent;\n    }\n    \n    .tabelaCorpo > *{\n        border: 2px solid transparent;\n    }\n    \n    .tabelaCorpo > * > *{\n        border: 1px solid transparent;\n    }\n    \n    .tabelaCorpo{\n        font-weight: 500;\n        font-size: 13px;\n        color: white;\n    }\n    \n    .tabelaCabeca{\n        text-align: left;\n        font-size: 16px;\n        color: white;\n        background-color: #4ECE30;\n    }\n    \n    table tbody>tr:nth-child(odd)>td, table tbody>tr:nth-child(odd)>th {\n    background-color: #00164A;\n    }\n    \n    .tabela>*>*{\n        border-bottom: 2px solid #F3F3F3;\n    }\n\n    .hNome{\n        width: 200px;\n        padding: 20px;\n    }\n    \n    .hMarca{\n        padding: 20px;\n    }\n    \n    .hProduto{\n        padding: 20px;\n    }\n    \n    .hLocal{\n        padding: 20px;\n    }\n\n    .hSite{\n        width: 135px;\n        padding: 20px;\n    }\n\n    .links-tabela {\n        font-family: Montserrat;\n        font-weight: 500;\n        text-decoration: none;\n        text-transform: none;\n        border: 1px solid #ffffff;\n        color:#004CFC;\n        padding: 8px 15px;\n        border-radius:5px;\n        background-color: #ffffff;\n        font-weight: bold;\n        font-size: 12px;\n    }\n    .links-tabela:hover {\n        text-decoration: none;\n        text-transform: none;\n        border: 1px solid #AE7FD4;\n        color:#ffffff;\n        padding: 8px 15px;\n        border-radius:5px;\n        background-color: #004CFC;\n        font-weight: bold;\n        font-size: 12px;\n    }\n    \n    .botoes{\n        display: flex;\n        justify-content: center;\n        margin-top: 1.5rem;\n        height: 80px;\n        padding-top: 20px;\n        padding-bottom: 20px;\n        background-color: #004CFC;\n        \n    }\n\n    #anterior {\n        margin-right: 100px;\n        color: white;\n        font-size: 16px;\n        font-weight: bold;\n        background-color: #00bdce;\n        border: 1px solid #00bdce;\n        border-radius: 5px;\n        line-height: 0px;\n    }\n    \n    #anterior:hover {\n        margin-right: 100px;\n        color: #00bdce;\n        font-size: 16px;\n        font-weight: bold;\n        background-color: white;\n        border: 1px solid #00bdce;\n        border-radius: 5px;\n        line-height: 0px;\n    }\n    \n    #proximo {\n        margin-left: 100px; \n        color: white;\n        font-size: 16px;\n        font-weight: bold;\n        background-color: #00bdce;\n        border: 1px solid #00bdce;\n        border-radius: 5px;\n    }\n    \n    #proximo {\n        margin-left: 100px; \n        color: #00bdce;\n        font-size: 16px;\n        font-weight: bold;\n        background-color: white;\n        border: 1px solid #00bdce;\n        border-radius: 5px;\n    }\n    \n    #numeracao {\n        margin-top: 10px;\n    }\n    .nagevacao {\n        display: flex;\n        justify-content: center;\n    }\n<\/style>\n<link rel=\"stylesheet\" href=\"https:\/\/cdnjs.cloudflare.com\/ajax\/libs\/font-awesome\/6.4.0\/css\/all.min.css\" integrity=\"sha512-iecdLmaskl7CVkqkXNQ\/ZH\/XLlvWZOJyj7Yy7tcenmpD1ypASozpmT\/E0iPtmFIB46ZmdtAc9eNBvH0H\/ZpiBw==\" crossorigin=\"anonymous\" referrerpolicy=\"no-referrer\" \/>\n<div class=\"body\">\n    <div style= \"display: flex; justify-content: end; \"> \n    <input type=\"text\" placeholder=\"busque pelo fornecedor\" style=\"margin-bottom: 20px; z-index:2; width: 35%; background-color: #efe0fc; border-radius: 15px; border: none; padding: 12px 20px;\" id=\"search\">\n    <div style= \"display: flex; justify-content: end; position: absolute; margin-top: 9px;margin-right: 15px; margin-bottom: 30px; z-index:3;\">\n        <i class=\"fa-solid fa-magnifying-glass\" style= \" font-size: 28px; z-index:1;\"><\/i>\n    <\/div>\n    \n    <\/div>\n\n    <table class=\"tabela\" id=\"dados\">\n      <thead class=\"tabelaCabeca\">\n        <tr>\n          <th class=\"hNome\" scope=\"col\">Nome Divulga\u00e7\u00e3o<\/th>\n          <th class=\"hMarca\" scope=\"col\">Marca<\/th>\n          <th class=\"hProduto theader\" scope=\"col\">Produto<\/th>\n          <th class=\"hLocal\" scope=\"col\">Localiza\u00e7\u00e3o<\/th>\n          <th class=\"hSite\" scope=\"col\">Site<\/th>\n        <\/tr>\n      <\/thead>\n      <tbody class=\"resultApi tabelaCorpo\">\n          \n      <\/tbody>\n    <\/table>\n    \n<\/div>\n<script>\n    document.getElementById('search').addEventListener('keyup', pesquisaTabela());\n\nfunction pesquisaTabela() {\n  var filter, table, tr, td, i;\n  \n table = document.getElementById(\"dados\");\n  return function() {\n    tr = table.querySelectorAll(\"tbody tr\");\n    filter = this.value.toUpperCase();\n    for (i = 0; i < tr.length; i++) {\n      var match = tr[i].innerHTML.toUpperCase().indexOf(filter) > -1;\n      tr[i].style.display = match ? \"\" : \"none\";\n    }\n  }\n}\n<\/script>\t\t<\/div>\n\t\t\t\t<\/div>\n\t\t\t\t<div class=\"elementor-element elementor-element-ccc427d elementor-widget elementor-widget-html\" data-id=\"ccc427d\" data-element_type=\"widget\" data-widget_type=\"html.default\">\n\t\t\t\t<div class=\"elementor-widget-container\">\n\t\t\t<script src=\"https:\/\/cdnjs.cloudflare.com\/ajax\/libs\/jquery\/3.6.1\/jquery.min.js\" ><\/script>\n<script>\n    \n    var settings = {\n      \"url\": \"https:\/\/francalfeiras152909.rm.cloudtotvs.com.br:8051\/api\/framework\/v1\/consultaSQLServer\/RealizaConsulta\/FRA_000000\/1\/T?parameters=CODIGO_FEIRA=1.19.2024.01 \",\n      \"method\": \"GET\",\n      \"timeout\": 0,\n      \"headers\": {\n        \"Authorization\": \"Basic aW50ZWdyYWNhbzpGckBAMjAyMg==\"\n      },\n    };\n    \n    $.ajax(settings).done(function (response) {\n      var resultado = response;\n\n\nvar tamanhoPagina = 999;\nvar pagina = 0;\n\nfunction paginar() {\n    $('table > tbody > tr').remove();\n    var tbody = $('table > tbodY');\n    \n    for (var i = pagina * tamanhoPagina; i < resultado.length && i < (pagina + 1) *  tamanhoPagina; i++) {\n        tbody.append(\n            $('<tr>')\n                .append($('<td>').append(resultado[i]['NOME DIVULGACAO']))\n                .append($('<td>').append(resultado[i]['MARCA DIVULGACAO']))\n                .append($('<td>').append(resultado[i]['PRODUTO DIVULGACAO']))\n                .append($('<td class=\"align-middle p-3\">').append(resultado[i]['LOCALIZA\u00c7\u00c3O DO ESTANDE'])).append($('<td>').append(`<a class=\"links-tabela\" href=${resultado[i]['SITE DIVULGACAO']}>`+'ACESSAR'+'<\/a>'))\n                )\n    }\n    $('#numeracao').text('P\u00e1gina ' + (pagina + 1) + ' de ' + Math.ceil(resultado.length \/ tamanhoPagina));\n}\n\nfunction ajustarBotoes() {\n    $('#proximo').prop('disabled', resultado.length <= tamanhoPagina || pagina >= Math.ceil(resultado.length \/ tamanhoPagina) - 1);\n    $('#anterior').prop('disabled', resultado.length <= tamanhoPagina || pagina == 0);\n}\n\n$(function() {\n    $('#proximo').click(function() {\n        if (pagina < resultado.length \/ tamanhoPagina - 1) {\n            pagina++;\n            paginar();\n            ajustarBotoes();\n        }\n    });\n    $('#anterior').click(function() {\n        if (pagina > 0) {\n            pagina--;\n            paginar();\n            ajustarBotoes();\n        }\n    });\n    paginar();\n    ajustarBotoes();\n});\n\n\n    \n    });\n<\/script>\t\t<\/div>\n\t\t\t\t<\/div>\n\t\t\t\t\t<\/div>\n\t\t<\/div>\n\t\t\t\t\t<\/div>\n\t\t<\/section>\n\t\t\t\t<\/div>\n\t\t","protected":false},"excerpt":{"rendered":"<p>LISTA DE EXPOSITORES LISTA DE EXPOSITORES Nome Divulga\u00e7\u00e3o Marca Produto Localiza\u00e7\u00e3o Site<\/p>\n","protected":false},"author":9,"featured_media":0,"parent":0,"menu_order":0,"comment_status":"closed","ping_status":"closed","template":"elementor_header_footer","meta":{"footnotes":""},"class_list":["post-307","page","type-page","status-publish","hentry"],"_links":{"self":[{"href":"https:\/\/webcadaris.com.br\/modern2024\/wp-json\/wp\/v2\/pages\/307","targetHints":{"allow":["GET"]}}],"collection":[{"href":"https:\/\/webcadaris.com.br\/modern2024\/wp-json\/wp\/v2\/pages"}],"about":[{"href":"https:\/\/webcadaris.com.br\/modern2024\/wp-json\/wp\/v2\/types\/page"}],"author":[{"embeddable":true,"href":"https:\/\/webcadaris.com.br\/modern2024\/wp-json\/wp\/v2\/users\/9"}],"replies":[{"embeddable":true,"href":"https:\/\/webcadaris.com.br\/modern2024\/wp-json\/wp\/v2\/comments?post=307"}],"version-history":[{"count":0,"href":"https:\/\/webcadaris.com.br\/modern2024\/wp-json\/wp\/v2\/pages\/307\/revisions"}],"wp:attachment":[{"href":"https:\/\/webcadaris.com.br\/modern2024\/wp-json\/wp\/v2\/media?parent=307"}],"curies":[{"name":"wp","href":"https:\/\/api.w.org\/{rel}","templated":true}]}}